{"id":1339,"date":"2017-10-16T13:54:07","date_gmt":"2017-10-16T13:54:07","guid":{"rendered":"http:\/\/ninzio.com\/bauer\/?page_id=1339"},"modified":"2024-06-26T22:03:19","modified_gmt":"2024-06-26T19:03:19","slug":"bizeulasin","status":"publish","type":"page","link":"https:\/\/ecemgidametal.com\/index.php\/bizeulasin\/","title":{"rendered":"Bize Ula\u015f\u0131n"},"content":{"rendered":"<p>[vc_row css=&#8221;.vc_custom_1558796213746{background-color: #f7f9fa !important;background-position: center !important;background-repeat: no-repeat !important;background-size: cover !important;}&#8221;][vc_column][spacing desktop_height=&#8221;100&#8243; mobile_height=&#8221;60&#8243; smobile_height=&#8221;60&#8243;][vc_row_inner column_inner_spacing=&#8221;65&#8243;][vc_column_inner width=&#8221;1\/2&#8243;][simpleimage image=&#8221;9307&#8243;][spacing desktop_height=&#8221;0&#8243; mobile_height=&#8221;40&#8243; smobile_height=&#8221;40&#8243;][\/vc_column_inner][vc_column_inner width=&#8221;1\/2&#8243;][spacing desktop_height=&#8221;45&#8243; mobile_height=&#8221;0&#8243; smobile_height=&#8221;0&#8243;][singleheading heading_color=&#8221;#777777&#8243; heading_bottom_margin=&#8221;25px&#8221; line_width=&#8221;&#8221; line_height=&#8221;&#8221; line_color=&#8221;&#8221; heading_font_weight=&#8221;600&#8243; heading_font_size=&#8221;16px&#8221;][advtext bottom_margin=&#8221;32px&#8221; font_size=&#8221;42px&#8221; line_height=&#8221;50px&#8221;][\/advtext][advtext tag=&#8221;div&#8221; color=&#8221;#414042&#8243; bottom_margin=&#8221;40px&#8221; font_size=&#8221;18px&#8221; line_height=&#8221;30px&#8221;]Bize ula\u015fmak \u00e7ok kolay! \u0130leti\u015fim formumuzu doldurun, adres ve telefon bilgilerimizden bize ula\u015f\u0131n ya da sosyal medya hesaplar\u0131m\u0131z\u0131 takip edin.[\/advtext][gridbox grid=&#8221;2&#8243; border_type=&#8221;no&#8221; gaph=&#8221;0&#8243;][iconbox style=&#8221;icon-left&#8221; wrap_padding=&#8221;22px 25px 22px 25px&#8221; wrap_background=&#8221;#ffffff&#8221; wrap_rounded=&#8221;5px&#8221; wrap_border_width=&#8221;1px&#8221; icon_type=&#8221;extraicon&#8221; icon_font_size=&#8221;18px&#8221; icon_width=&#8221;42px&#8221; icon_height=&#8221;42px&#8221; icon_line_height=&#8221;44px&#8221; icon_rounded=&#8221;21px&#8221; icon_color=&#8221;#ffffff&#8221; icon_background=&#8221;#f35c27&#8243; icon_horizontal=&#8221;0px&#8221; icon_vertical=&#8221;0px&#8221; icon_blur=&#8221;0px&#8221; icon_spread=&#8221;4px&#8221; icon_shadow_color=&#8221;rgba(243,92,39,0.2)&#8221; heading=&#8221;Bize Ula\u015f\u0131n&#8221; heading_color=&#8221;#777777&#8243; heading_font_size=&#8221;15px&#8221; heading_line_height=&#8221;20px&#8221; content_left_padding=&#8221;59px&#8221; icon_extraicon=&#8221;elegant-icon_phone&#8221;]<span>(+90) 212-946-2707<\/span>[\/iconbox][iconbox style=&#8221;icon-left&#8221; wrap_padding=&#8221;22px 25px 22px 25px&#8221; wrap_background=&#8221;#ffffff&#8221; wrap_rounded=&#8221;5px&#8221; wrap_border_width=&#8221;1px&#8221; icon_type=&#8221;extraicon&#8221; icon_font_size=&#8221;18px&#8221; icon_width=&#8221;42px&#8221; icon_height=&#8221;42px&#8221; icon_line_height=&#8221;44px&#8221; icon_rounded=&#8221;21px&#8221; icon_color=&#8221;#ffffff&#8221; icon_background=&#8221;#f35c27&#8243; icon_horizontal=&#8221;0px&#8221; icon_vertical=&#8221;0px&#8221; icon_blur=&#8221;0px&#8221; icon_spread=&#8221;4px&#8221; icon_shadow_color=&#8221;rgba(243,92,39,0.2)&#8221; heading=&#8221;Our Email&#8221; heading_color=&#8221;#777777&#8243; heading_font_size=&#8221;15px&#8221; heading_line_height=&#8221;20px&#8221; content_left_padding=&#8221;59px&#8221; icon_extraicon=&#8221;elegant-icon_phone&#8221;]<span>info@ecemgidacom<\/span>[\/iconbox][\/gridbox][spacing desktop_height=&#8221;50&#8243; mobile_height=&#8221;10&#8243; smobile_height=&#8221;10&#8243;][\/vc_column_inner][\/vc_row_inner][spacing desktop_height=&#8221;100&#8243; mobile_height=&#8221;50&#8243; smobile_height=&#8221;50&#8243;][\/vc_column][\/vc_row][vc_row disable_element=&#8221;yes&#8221; css=&#8221;.vc_custom_1719428069068{background-image: url(http:\/\/ninzio.com\/bauer\/wp-content\/uploads\/2019\/05\/section-bg3-2.jpg?id=8969) !important;background-position: center !important;background-repeat: no-repeat !important;background-size: cover !important;}&#8221;][vc_column][spacing desktop_height=&#8221;100&#8243; mobile_height=&#8221;60&#8243; smobile_height=&#8221;60&#8243;][vc_row_inner column_inner_spacing=&#8221;100&#8243;][vc_column_inner width=&#8221;1\/2&#8243;][contentbox padding=&#8221;47px 50px 94px 50px&#8221; mobile_padding=&#8221;40px&#8221; background_color=&#8221;rgba(3,15,39,0.6)&#8221; border_color=&#8221;rgba(231,231,231,0.3)&#8221; border_width=&#8221;1px&#8221; rounded=&#8221;5px&#8221; translatex=&#8221;0&#8243; translatey=&#8221;0&#8243;][advtext color=&#8221;#f2f2f2&#8243; bottom_margin=&#8221;8px&#8221; font_size=&#8221;42px&#8221;]<span class=\"font-weight-300\">Get in<\/span> Touch[\/advtext][advtext tag=&#8221;div&#8221; color=&#8221;#f2f2f2&#8243; bottom_margin=&#8221;25px&#8221;]If you\u2019ve got questions or ideas you would like to share, send a message. For anything more specific, please use one of the addresses listed below.[\/advtext][gridbox grid=&#8221;2&#8243; border_type=&#8221;no&#8221; gaph=&#8221;25&#8243;][advtext tag=&#8221;div&#8221; color=&#8221;#f2f2f2&#8243;]<span class=\"font-weight-500 text-white\">Bauer Internation<\/span><br \/>\n<span style=\"color: #8a99c0;\">112 W 34th St, New York<\/span><br \/>\n<span class=\"fas fa-map-marker-alt text-accent-color\" style=\"padding-right: 3px;\"><\/span> <span class=\"text-accent-color font-weight-600\"><a href=\"#\" class=\"hover-white\">Find Us on Map<\/a><\/span>[\/advtext][advtext tag=&#8221;div&#8221; color=&#8221;#f2f2f2&#8243;]<\/p>\n<p><span class=\"font-weight-500 text-white\">Bauer Europe<\/span><br \/>\n<span style=\"color: #8a99c0;\">Torre NN, Barcelona<\/span><br \/>\n<span class=\"fas fa-map-marker-alt text-accent-color\" style=\"padding-right: 3px;\"><\/span> <span class=\"text-accent-color font-weight-600\"><a href=\"#\" class=\"hover-white\">Find Us on Map<\/a><\/span><\/p>\n<p>[\/advtext][advtext tag=&#8221;div&#8221; color=&#8221;#f2f2f2&#8243;]<span class=\"font-weight-500 text-white\">Support<\/span><br \/>\n<span class=\"fas fa-phone\" style=\"padding-right: 5px; color: #8a99c0;\"><\/span> <span class=\"font-weight-600\" style=\"color: #8a99c0;\">+1 212-946-2707<\/span>[\/advtext][advtext tag=&#8221;div&#8221; color=&#8221;#f2f2f2&#8243;]<span class=\"font-weight-500 text-white\">Commercial<\/span><br \/>\n<span class=\"fas fa-phone\" style=\"padding-right: 5px; color: #8a99c0;\"><\/span> <span class=\"font-weight-600\" style=\"color: #8a99c0;\">+1 212-946-2703<\/span>[\/advtext][advtext tag=&#8221;div&#8221; color=&#8221;#f2f2f2&#8243;]<span class=\"font-weight-500 text-white\">Press<\/span><br \/>\n<span class=\"fas fa-phone\" style=\"padding-right: 3px; color: #8a99c0;\"><\/span> <span class=\"font-weight-600\" style=\"color: #8a99c0;\">+1 212-946-2000<\/span>[\/advtext][advtext tag=&#8221;div&#8221; color=&#8221;#f2f2f2&#8243;]<span class=\"font-weight-500 text-white\">Sales Enquiries<\/span><br \/>\n<span class=\"fas fa-phone\" style=\"padding-right: 3px; color: #8a99c0;\"><\/span> <span class=\"font-weight-600\" style=\"color: #8a99c0;\">+1 212-946-2704<\/span>[\/advtext][advtext tag=&#8221;div&#8221; color=&#8221;#f2f2f2&#8243;]<span class=\"font-weight-500 text-white\">Our Email<\/span><br \/>\n<span class=\"fas fa-envelope text-accent-color\" style=\"padding-right: 5px;\"><\/span> <span class=\"font-weight-600 text-accent-color\">info@BauerX.com<\/span>[\/advtext][\/gridbox][\/contentbox][spacing desktop_height=&#8221;0&#8243; mobile_height=&#8221;40&#8243; smobile_height=&#8221;40&#8243;][\/vc_column_inner][vc_column_inner width=&#8221;1\/2&#8243;][contentbox padding=&#8221;53px 35px 60px 35px&#8221; mobile_padding=&#8221;50px 35px 50px 35px&#8221; background_color=&#8221;#f7f9fa&#8221; border_width=&#8221;1px&#8221; rounded=&#8221;5px&#8221; translatex=&#8221;0&#8243; translatey=&#8221;0&#8243;][headings subheading_width=&#8221;400px&#8221; heading_font_size=&#8221;22px&#8221; heading_bottom_margin=&#8221;15px&#8221; heading=&#8221;Let&#8217;s Talk About Your Project&#8221; subheading=&#8221;After we get some information from you, we\u2019ll set up a time to discuss your project in further detail.&#8221;][\/headings][spacing desktop_height=&#8221;32&#8243; mobile_height=&#8221;32&#8243; smobile_height=&#8221;32&#8243;]\n<div class=\"wpcf7 no-js\" id=\"wpcf7-f4437-o1\" lang=\"en-US\" dir=\"ltr\" data-wpcf7-id=\"4437\">\n<div class=\"screen-reader-response\"><p role=\"status\" aria-live=\"polite\" aria-atomic=\"true\"><\/p> <ul><\/ul><\/div>\n<form action=\"\/index.php\/wp-json\/wp\/v2\/pages\/1339#wpcf7-f4437-o1\" method=\"post\" class=\"wpcf7-form init\" aria-label=\"Contact form\" novalidate=\"novalidate\" data-status=\"init\">\n<div style=\"display: none;\">\n<input type=\"hidden\" name=\"_wpcf7\" value=\"4437\" \/>\n<input type=\"hidden\" name=\"_wpcf7_version\" value=\"6.0.6\" \/>\n<input type=\"hidden\" name=\"_wpcf7_locale\" value=\"en_US\" \/>\n<input type=\"hidden\" name=\"_wpcf7_unit_tag\" value=\"wpcf7-f4437-o1\" \/>\n<input type=\"hidden\" name=\"_wpcf7_container_post\" value=\"0\" \/>\n<input type=\"hidden\" name=\"_wpcf7_posted_data_hash\" value=\"\" \/>\n<\/div>\n<div class=\"cf7-style-1\">\n\t<div class=\"name-wrap\">\n\t\t<p><span class=\"wpcf7-form-control-wrap\" data-name=\"your-name\"><input size=\"40\" maxlength=\"400\" class=\"wpcf7-form-control wpcf7-text wpcf7-validates-as-required\" aria-required=\"true\" aria-invalid=\"false\" placeholder=\"Name\" value=\"\" type=\"text\" name=\"your-name\" \/><\/span>\n\t\t<\/p>\n\t<\/div>\n\t<div class=\"email-wrap\">\n\t\t<p><span class=\"wpcf7-form-control-wrap\" data-name=\"your-email\"><input size=\"40\" maxlength=\"400\" class=\"wpcf7-form-control wpcf7-email wpcf7-validates-as-required wpcf7-text wpcf7-validates-as-email\" aria-required=\"true\" aria-invalid=\"false\" placeholder=\"Email\" value=\"\" type=\"email\" name=\"your-email\" \/><\/span>\n\t\t<\/p>\n\t<\/div>\n\t<div class=\"message-wrap\">\n\t\t<p><span class=\"wpcf7-form-control-wrap\" data-name=\"your-message\"><textarea cols=\"40\" rows=\"10\" maxlength=\"2000\" class=\"wpcf7-form-control wpcf7-textarea\" aria-invalid=\"false\" placeholder=\"Message\" name=\"your-message\"><\/textarea><\/span>\n\t\t<\/p>\n\t<\/div>\n\t<div class=\"submit-wrap\">\n\t\t<p><span><input class=\"wpcf7-form-control wpcf7-submit has-spinner\" type=\"submit\" value=\"SUBMIT\" \/><\/span>\n\t\t<\/p>\n\t<\/div>\n<\/div><div class=\"wpcf7-response-output\" aria-hidden=\"true\"><\/div>\n<\/form>\n<\/div>\n[\/contentbox][\/vc_column_inner][\/vc_row_inner][spacing desktop_height=&#8221;100&#8243; mobile_height=&#8221;60&#8243; smobile_height=&#8221;60&#8243;][\/vc_column][\/vc_row]<\/p>\n","protected":false},"excerpt":{"rendered":"<p>[vc_row css=&#8221;.vc_custom_1558796213746{background-color: #f7f9fa !important;background-position: center !important;background-repeat: no-repeat !important;background-size: cover !important;}&#8221;][vc_column][spacing desktop_height=&#8221;100&#8243; mobile_height=&#8221;60&#8243; smobile_height=&#8221;60&#8243;][vc_row_inner column_inner_spacing=&#8221;65&#8243;][vc_column_inner width=&#8221;1\/2&#8243;][simpleimage image=&#8221;9307&#8243;][spacing desktop_height=&#8221;0&#8243; mobile_height=&#8221;40&#8243; smobile_height=&#8221;40&#8243;][\/vc_column_inner][vc_column_inner width=&#8221;1\/2&#8243;][spacing desktop_height=&#8221;45&#8243; mobile_height=&#8221;0&#8243; smobile_height=&#8221;0&#8243;][singleheading heading_color=&#8221;#777777&#8243; heading_bottom_margin=&#8221;25px&#8221; line_width=&#8221;&#8221; line_height=&#8221;&#8221; line_color=&#8221;&#8221; heading_font_weight=&#8221;600&#8243; heading_font_size=&#8221;16px&#8221;][advtext bottom_margin=&#8221;32px&#8221; font_size=&#8221;42px&#8221; line_height=&#8221;50px&#8221;][\/advtext][advtext tag=&#8221;div&#8221; color=&#8221;#414042&#8243; bottom_margin=&#8221;40px&#8221; font_size=&#8221;18px&#8221; line_height=&#8221;30px&#8221;]Bize ula\u015fmak \u00e7ok kolay! \u0130leti\u015fim formumuzu doldurun, adres ve telefon bilgilerimizden bize ula\u015f\u0131n<\/p>\n","protected":false},"author":1,"featured_media":0,"parent":0,"menu_order":0,"comment_status":"closed","ping_status":"closed","template":"","meta":{"_monsterinsights_skip_tracking":false,"_monsterinsights_sitenote_active":false,"_monsterinsights_sitenote_note":"","_monsterinsights_sitenote_category":0,"footnotes":""},"class_list":["post-1339","page","type-page","status-publish","hentry"],"aioseo_notices":[],"_links":{"self":[{"href":"https:\/\/ecemgidametal.com\/index.php\/wp-json\/wp\/v2\/pages\/1339","targetHints":{"allow":["GET"]}}],"collection":[{"href":"https:\/\/ecemgidametal.com\/index.php\/wp-json\/wp\/v2\/pages"}],"about":[{"href":"https:\/\/ecemgidametal.com\/index.php\/wp-json\/wp\/v2\/types\/page"}],"author":[{"embeddable":true,"href":"https:\/\/ecemgidametal.com\/index.php\/wp-json\/wp\/v2\/users\/1"}],"replies":[{"embeddable":true,"href":"https:\/\/ecemgidametal.com\/index.php\/wp-json\/wp\/v2\/comments?post=1339"}],"version-history":[{"count":8,"href":"https:\/\/ecemgidametal.com\/index.php\/wp-json\/wp\/v2\/pages\/1339\/revisions"}],"predecessor-version":[{"id":9303,"href":"https:\/\/ecemgidametal.com\/index.php\/wp-json\/wp\/v2\/pages\/1339\/revisions\/9303"}],"wp:attachment":[{"href":"https:\/\/ecemgidametal.com\/index.php\/wp-json\/wp\/v2\/media?parent=1339"}],"curies":[{"name":"wp","href":"https:\/\/api.w.org\/{rel}","templated":true}]}}