{"id":9333,"date":"2024-06-24T22:00:13","date_gmt":"2024-06-24T19:00:13","guid":{"rendered":"https:\/\/ecemgidametal.com\/?page_id=9333"},"modified":"2024-06-26T23:33:30","modified_gmt":"2024-06-26T20:33:30","slug":"misyon-vizyon","status":"publish","type":"page","link":"https:\/\/ecemgidametal.com\/index.php\/misyon-vizyon\/","title":{"rendered":"Misyon &#8211; Vizyon"},"content":{"rendered":"<p>Vizyonumuz<\/p>\n<p>D\u00fcnya genelinde tan\u0131nan ve g\u00fcvenilen bir marka olmak. Sa\u011fl\u0131kl\u0131, lezzetli ve kaliteli kuru g\u0131da \u00fcr\u00fcnleri sunarak, m\u00fc\u015fterilerimizin ya\u015fam kalitesini art\u0131rmak. \u0130novasyon ve s\u00fcrd\u00fcr\u00fclebilirlik ilkeleriyle sekt\u00f6rde \u00f6nc\u00fc olmak.<\/p>\n<p>Misyonumuz<\/p>\n<p>En y\u00fcksek kalite standartlar\u0131na uygun, do\u011fal ve besleyici kuru g\u0131da \u00fcr\u00fcnleri sunmak. Sa\u011fl\u0131kl\u0131 beslenmeyi destekleyen geni\u015f \u00fcr\u00fcn yelpazemizle m\u00fc\u015fteri memnuniyetini sa\u011flamak. Kalite, g\u00fcvenilirlik ve s\u00fcrd\u00fcr\u00fclebilirlik de\u011ferlerimizle sekt\u00f6rde fark yaratmak.<\/p>\n","protected":false},"excerpt":{"rendered":"<p>Vizyonumuz D\u00fcnya genelinde tan\u0131nan ve g\u00fcvenilen bir marka olmak. Sa\u011fl\u0131kl\u0131, lezzetli ve kaliteli kuru g\u0131da \u00fcr\u00fcnleri sunarak, m\u00fc\u015fterilerimizin ya\u015fam kalitesini art\u0131rmak. \u0130novasyon ve s\u00fcrd\u00fcr\u00fclebilirlik ilkeleriyle sekt\u00f6rde \u00f6nc\u00fc olmak. Misyonumuz En y\u00fcksek kalite standartlar\u0131na uygun, do\u011fal ve besleyici kuru g\u0131da \u00fcr\u00fcnleri sunmak. Sa\u011fl\u0131kl\u0131 beslenmeyi destekleyen geni\u015f \u00fcr\u00fcn yelpazemizle m\u00fc\u015fteri memnuniyetini sa\u011flamak.<\/p>\n","protected":false},"author":1,"featured_media":0,"parent":0,"menu_order":0,"comment_status":"closed","ping_status":"closed","template":"","meta":{"_monsterinsights_skip_tracking":false,"_monsterinsights_sitenote_active":false,"_monsterinsights_sitenote_note":"","_monsterinsights_sitenote_category":0,"footnotes":""},"class_list":["post-9333","page","type-page","status-publish","hentry"],"aioseo_notices":[],"_links":{"self":[{"href":"https:\/\/ecemgidametal.com\/index.php\/wp-json\/wp\/v2\/pages\/9333","targetHints":{"allow":["GET"]}}],"collection":[{"href":"https:\/\/ecemgidametal.com\/index.php\/wp-json\/wp\/v2\/pages"}],"about":[{"href":"https:\/\/ecemgidametal.com\/index.php\/wp-json\/wp\/v2\/types\/page"}],"author":[{"embeddable":true,"href":"https:\/\/ecemgidametal.com\/index.php\/wp-json\/wp\/v2\/users\/1"}],"replies":[{"embeddable":true,"href":"https:\/\/ecemgidametal.com\/index.php\/wp-json\/wp\/v2\/comments?post=9333"}],"version-history":[{"count":3,"href":"https:\/\/ecemgidametal.com\/index.php\/wp-json\/wp\/v2\/pages\/9333\/revisions"}],"predecessor-version":[{"id":9556,"href":"https:\/\/ecemgidametal.com\/index.php\/wp-json\/wp\/v2\/pages\/9333\/revisions\/9556"}],"wp:attachment":[{"href":"https:\/\/ecemgidametal.com\/index.php\/wp-json\/wp\/v2\/media?parent=9333"}],"curies":[{"name":"wp","href":"https:\/\/api.w.org\/{rel}","templated":true}]}}