{"id":9350,"date":"2024-06-24T22:01:50","date_gmt":"2024-06-24T19:01:50","guid":{"rendered":"https:\/\/ecemgidametal.com\/?page_id=9350"},"modified":"2024-06-27T00:31:37","modified_gmt":"2024-06-26T21:31:37","slug":"urunlerimiz","status":"publish","type":"page","link":"https:\/\/ecemgidametal.com\/index.php\/urunlerimiz\/","title":{"rendered":"\u00dcr\u00fcnlerimiz"},"content":{"rendered":"<p>[vc_row][vc_column][fancytext tag=&#8221;h6&#8243; font_max=&#8221;70&#8243; font_min=&#8221;22&#8243; text1=&#8221;KURU BAKLAG\u0130LLER&#8221;][spacing desktop_height=&#8221;30&#8243; mobile_height=&#8221;30&#8243; smobile_height=&#8221;30&#8243;][\/vc_column][\/vc_row][vc_row el_class=&#8221;has-scroll-arrow&#8221; css=&#8221;.vc_custom_1558769443428{background: #f7f9fa url(http:\/\/ninzio.com\/bauer\/wp-content\/uploads\/2019\/05\/fac-bg-1.png?id=8920) !important;background-position: center !important;background-repeat: no-repeat !important;background-size: cover !important;}&#8221;][vc_column][vc_row_inner][vc_column_inner width=&#8221;1\/3&#8243;][iconbox text_align=&#8221;align-center&#8221; wrap_padding=&#8221;34px 25px 27px&#8221; wrap_background=&#8221;#ffffff&#8221; wrap_rounded=&#8221;5px&#8221; wrap_border_width=&#8221;1px&#8221; icon_font_size=&#8221;50px&#8221; icon_width=&#8221;50px&#8221; icon_height=&#8221;50px&#8221; icon_line_height=&#8221;50px&#8221; icon_color=&#8221;#f35c27&#8243; heading=&#8221;Nohut&#8221; heading_font_weight=&#8221;400&#8243; heading_font_size=&#8221;22px&#8221; heading_line_height=&#8221;26px&#8221; heading_top_margin=&#8221;23px&#8221; heading_bottom_margin=&#8221;8px&#8221; hover_style=&#8221;hover-style-1&#8243; bg_color=&#8221;#030f27&#8243; bg_image=&#8221;9479&#8243; description=&#8221;We focus on offering you<br \/>\nexcellent customer service<br \/>\nand quality work.&#8221;][\/iconbox][spacing desktop_height=&#8221;30&#8243; mobile_height=&#8221;30&#8243; smobile_height=&#8221;30&#8243;][\/vc_column_inner][vc_column_inner width=&#8221;1\/3&#8243;][iconbox text_align=&#8221;align-center&#8221; wrap_padding=&#8221;34px 25px 27px&#8221; wrap_background=&#8221;#ffffff&#8221; wrap_rounded=&#8221;5px&#8221; wrap_border_width=&#8221;1px&#8221; icon_font_size=&#8221;50px&#8221; icon_width=&#8221;50px&#8221; icon_height=&#8221;50px&#8221; icon_line_height=&#8221;50px&#8221; icon_color=&#8221;#f35c27&#8243; heading=&#8221;Mercimek (Ye\u015fil, K\u0131rm\u0131z\u0131)&#8221; heading_font_weight=&#8221;400&#8243; heading_font_size=&#8221;22px&#8221; heading_line_height=&#8221;26px&#8221; heading_top_margin=&#8221;23px&#8221; heading_bottom_margin=&#8221;8px&#8221; hover_style=&#8221;hover-style-1&#8243; bg_color=&#8221;#030f27&#8243; bg_image=&#8221;9480&#8243; description=&#8221;We focus on offering you<br \/>\nexcellent customer service<br \/>\nand quality work.&#8221;][\/iconbox][spacing desktop_height=&#8221;30&#8243; mobile_height=&#8221;30&#8243; smobile_height=&#8221;30&#8243;][\/vc_column_inner][vc_column_inner width=&#8221;1\/3&#8243;][iconbox text_align=&#8221;align-center&#8221; wrap_padding=&#8221;34px 25px 27px&#8221; wrap_background=&#8221;#ffffff&#8221; wrap_rounded=&#8221;5px&#8221; wrap_border_width=&#8221;1px&#8221; icon_font_size=&#8221;50px&#8221; icon_width=&#8221;50px&#8221; icon_height=&#8221;50px&#8221; icon_line_height=&#8221;50px&#8221; icon_color=&#8221;#f35c27&#8243; heading=&#8221;Fasulye&#8221; heading_font_weight=&#8221;400&#8243; heading_font_size=&#8221;22px&#8221; heading_line_height=&#8221;26px&#8221; heading_top_margin=&#8221;23px&#8221; heading_bottom_margin=&#8221;8px&#8221; hover_style=&#8221;hover-style-1&#8243; bg_color=&#8221;#030f27&#8243; bg_image=&#8221;9481&#8243; description=&#8221;We focus on offering you<br \/>\nexcellent customer service<br \/>\nand quality work.&#8221;][\/iconbox][spacing desktop_height=&#8221;30&#8243; mobile_height=&#8221;30&#8243; smobile_height=&#8221;30&#8243;][\/vc_column_inner][\/vc_row_inner][\/vc_column][\/vc_row][vc_row][vc_column][fancytext tag=&#8221;h6&#8243; font_max=&#8221;70&#8243; font_min=&#8221;22&#8243; text1=&#8221;KURUYEM\u0130\u015eLER&#8221;][spacing desktop_height=&#8221;30&#8243; mobile_height=&#8221;30&#8243; smobile_height=&#8221;30&#8243;][\/vc_column][\/vc_row][vc_row el_class=&#8221;has-scroll-arrow&#8221; css=&#8221;.vc_custom_1558769443428{background: #f7f9fa url(http:\/\/ninzio.com\/bauer\/wp-content\/uploads\/2019\/05\/fac-bg-1.png?id=8920) !important;background-position: center !important;background-repeat: no-repeat !important;background-size: cover !important;}&#8221;][vc_column][vc_row_inner][vc_column_inner width=&#8221;1\/3&#8243;][iconbox text_align=&#8221;align-center&#8221; wrap_padding=&#8221;34px 25px 27px&#8221; wrap_background=&#8221;#ffffff&#8221; wrap_rounded=&#8221;5px&#8221; wrap_border_width=&#8221;1px&#8221; icon_font_size=&#8221;50px&#8221; icon_width=&#8221;50px&#8221; icon_height=&#8221;50px&#8221; icon_line_height=&#8221;50px&#8221; icon_color=&#8221;#f35c27&#8243; heading=&#8221;Badem&#8221; heading_font_weight=&#8221;400&#8243; heading_font_size=&#8221;22px&#8221; heading_line_height=&#8221;26px&#8221; heading_top_margin=&#8221;23px&#8221; heading_bottom_margin=&#8221;8px&#8221; hover_style=&#8221;hover-style-1&#8243; bg_color=&#8221;#030f27&#8243; bg_image=&#8221;9490&#8243; description=&#8221;We focus on offering you<br \/>\nexcellent customer service<br \/>\nand quality work.&#8221;][\/iconbox][spacing desktop_height=&#8221;30&#8243; mobile_height=&#8221;30&#8243; smobile_height=&#8221;30&#8243;][spacing desktop_height=&#8221;30&#8243; mobile_height=&#8221;30&#8243; smobile_height=&#8221;30&#8243;][spacing desktop_height=&#8221;30&#8243; mobile_height=&#8221;30&#8243; smobile_height=&#8221;30&#8243;][\/vc_column_inner][vc_column_inner width=&#8221;1\/3&#8243;][iconbox text_align=&#8221;align-center&#8221; wrap_padding=&#8221;34px 25px 27px&#8221; wrap_background=&#8221;#ffffff&#8221; wrap_rounded=&#8221;5px&#8221; wrap_border_width=&#8221;1px&#8221; icon_font_size=&#8221;50px&#8221; icon_width=&#8221;50px&#8221; icon_height=&#8221;50px&#8221; icon_line_height=&#8221;50px&#8221; icon_color=&#8221;#f35c27&#8243; heading=&#8221;F\u0131nd\u0131k&#8221; heading_font_weight=&#8221;400&#8243; heading_font_size=&#8221;22px&#8221; heading_line_height=&#8221;26px&#8221; heading_top_margin=&#8221;23px&#8221; heading_bottom_margin=&#8221;8px&#8221; hover_style=&#8221;hover-style-1&#8243; bg_color=&#8221;#030f27&#8243; bg_image=&#8221;9494&#8243; description=&#8221;We focus on offering you<br \/>\nexcellent customer service<br \/>\nand quality work.&#8221;][\/iconbox][spacing desktop_height=&#8221;30&#8243; mobile_height=&#8221;30&#8243; smobile_height=&#8221;30&#8243;][iconbox text_align=&#8221;align-center&#8221; wrap_padding=&#8221;34px 25px 27px&#8221; wrap_background=&#8221;#ffffff&#8221; wrap_rounded=&#8221;5px&#8221; wrap_border_width=&#8221;1px&#8221; icon_font_size=&#8221;50px&#8221; icon_width=&#8221;50px&#8221; icon_height=&#8221;50px&#8221; icon_line_height=&#8221;50px&#8221; icon_color=&#8221;#f35c27&#8243; heading=&#8221;Antep F\u0131st\u0131\u011f\u0131&#8221; heading_font_weight=&#8221;400&#8243; heading_font_size=&#8221;22px&#8221; heading_line_height=&#8221;26px&#8221; heading_top_margin=&#8221;23px&#8221; heading_bottom_margin=&#8221;8px&#8221; hover_style=&#8221;hover-style-1&#8243; bg_color=&#8221;#030f27&#8243; bg_image=&#8221;9497&#8243; description=&#8221;We focus on offering you<br \/>\nexcellent customer service<br \/>\nand quality work.&#8221;][\/iconbox][spacing desktop_height=&#8221;30&#8243; mobile_height=&#8221;30&#8243; smobile_height=&#8221;30&#8243;][\/vc_column_inner][vc_column_inner width=&#8221;1\/3&#8243;][iconbox text_align=&#8221;align-center&#8221; wrap_padding=&#8221;34px 25px 27px&#8221; wrap_background=&#8221;#ffffff&#8221; wrap_rounded=&#8221;5px&#8221; wrap_border_width=&#8221;1px&#8221; icon_font_size=&#8221;50px&#8221; icon_width=&#8221;50px&#8221; icon_height=&#8221;50px&#8221; icon_line_height=&#8221;50px&#8221; icon_color=&#8221;#f35c27&#8243; heading=&#8221;Ceviz&#8221; heading_font_weight=&#8221;400&#8243; heading_font_size=&#8221;22px&#8221; heading_line_height=&#8221;26px&#8221; heading_top_margin=&#8221;23px&#8221; heading_bottom_margin=&#8221;8px&#8221; hover_style=&#8221;hover-style-1&#8243; bg_color=&#8221;#030f27&#8243; bg_image=&#8221;9492&#8243; description=&#8221;We focus on offering you<br \/>\nexcellent customer service<br \/>\nand quality work.&#8221;][\/iconbox][spacing desktop_height=&#8221;30&#8243; mobile_height=&#8221;30&#8243; smobile_height=&#8221;30&#8243;][spacing desktop_height=&#8221;30&#8243; mobile_height=&#8221;30&#8243; smobile_height=&#8221;30&#8243;][spacing desktop_height=&#8221;30&#8243; mobile_height=&#8221;30&#8243; smobile_height=&#8221;30&#8243;][\/vc_column_inner][\/vc_row_inner][\/vc_column][\/vc_row][vc_row][vc_column][fancytext tag=&#8221;h6&#8243; font_max=&#8221;70&#8243; font_min=&#8221;22&#8243; text1=&#8221;KURU MEYVELER&#8221;][spacing desktop_height=&#8221;30&#8243; mobile_height=&#8221;30&#8243; smobile_height=&#8221;30&#8243;][\/vc_column][\/vc_row][vc_row el_class=&#8221;has-scroll-arrow&#8221; css=&#8221;.vc_custom_1558769443428{background: #f7f9fa url(http:\/\/ninzio.com\/bauer\/wp-content\/uploads\/2019\/05\/fac-bg-1.png?id=8920) !important;background-position: center !important;background-repeat: no-repeat !important;background-size: cover !important;}&#8221;][vc_column][vc_row_inner][vc_column_inner width=&#8221;1\/3&#8243;][iconbox text_align=&#8221;align-center&#8221; wrap_padding=&#8221;34px 25px 27px&#8221; wrap_background=&#8221;#ffffff&#8221; wrap_rounded=&#8221;5px&#8221; wrap_border_width=&#8221;1px&#8221; icon_font_size=&#8221;50px&#8221; icon_width=&#8221;50px&#8221; icon_height=&#8221;50px&#8221; icon_line_height=&#8221;50px&#8221; icon_color=&#8221;#f35c27&#8243; heading=&#8221;Kuru \u0130ncir&#8221; heading_font_weight=&#8221;400&#8243; heading_font_size=&#8221;22px&#8221; heading_line_height=&#8221;26px&#8221; heading_top_margin=&#8221;23px&#8221; heading_bottom_margin=&#8221;8px&#8221; hover_style=&#8221;hover-style-1&#8243; bg_color=&#8221;#030f27&#8243; bg_image=&#8221;9500&#8243; description=&#8221;We focus on offering you<br \/>\nexcellent customer service<br \/>\nand quality work.&#8221;][\/iconbox][spacing desktop_height=&#8221;30&#8243; mobile_height=&#8221;30&#8243; smobile_height=&#8221;30&#8243;][spacing desktop_height=&#8221;30&#8243; mobile_height=&#8221;30&#8243; smobile_height=&#8221;30&#8243;][spacing desktop_height=&#8221;30&#8243; mobile_height=&#8221;30&#8243; smobile_height=&#8221;30&#8243;][\/vc_column_inner][vc_column_inner width=&#8221;1\/3&#8243;][iconbox text_align=&#8221;align-center&#8221; wrap_padding=&#8221;34px 25px 27px&#8221; wrap_background=&#8221;#ffffff&#8221; wrap_rounded=&#8221;5px&#8221; wrap_border_width=&#8221;1px&#8221; icon_font_size=&#8221;50px&#8221; icon_width=&#8221;50px&#8221; icon_height=&#8221;50px&#8221; icon_line_height=&#8221;50px&#8221; icon_color=&#8221;#f35c27&#8243; heading=&#8221;Kuru Kay\u0131s\u0131&#8221; heading_font_weight=&#8221;400&#8243; heading_font_size=&#8221;22px&#8221; heading_line_height=&#8221;26px&#8221; heading_top_margin=&#8221;23px&#8221; heading_bottom_margin=&#8221;8px&#8221; hover_style=&#8221;hover-style-1&#8243; bg_color=&#8221;#030f27&#8243; bg_image=&#8221;9501&#8243; description=&#8221;We focus on offering you<br \/>\nexcellent customer service<br \/>\nand quality work.&#8221;][\/iconbox][spacing desktop_height=&#8221;30&#8243; mobile_height=&#8221;30&#8243; smobile_height=&#8221;30&#8243;][iconbox text_align=&#8221;align-center&#8221; wrap_padding=&#8221;34px 25px 27px&#8221; wrap_background=&#8221;#ffffff&#8221; wrap_rounded=&#8221;5px&#8221; wrap_border_width=&#8221;1px&#8221; icon_font_size=&#8221;50px&#8221; icon_width=&#8221;50px&#8221; icon_height=&#8221;50px&#8221; icon_line_height=&#8221;50px&#8221; icon_color=&#8221;#f35c27&#8243; heading=&#8221;Hurma&#8221; heading_font_weight=&#8221;400&#8243; heading_font_size=&#8221;22px&#8221; heading_line_height=&#8221;26px&#8221; heading_top_margin=&#8221;23px&#8221; heading_bottom_margin=&#8221;8px&#8221; hover_style=&#8221;hover-style-1&#8243; bg_color=&#8221;#030f27&#8243; bg_image=&#8221;9503&#8243; description=&#8221;We focus on offering you<br \/>\nexcellent customer service<br \/>\nand quality work.&#8221;][\/iconbox][spacing desktop_height=&#8221;30&#8243; mobile_height=&#8221;30&#8243; smobile_height=&#8221;30&#8243;][\/vc_column_inner][vc_column_inner width=&#8221;1\/3&#8243;][iconbox text_align=&#8221;align-center&#8221; wrap_padding=&#8221;34px 25px 27px&#8221; wrap_background=&#8221;#ffffff&#8221; wrap_rounded=&#8221;5px&#8221; wrap_border_width=&#8221;1px&#8221; icon_font_size=&#8221;50px&#8221; icon_width=&#8221;50px&#8221; icon_height=&#8221;50px&#8221; icon_line_height=&#8221;50px&#8221; icon_color=&#8221;#f35c27&#8243; heading=&#8221;Kuru \u00dcz\u00fcm&#8221; heading_font_weight=&#8221;400&#8243; heading_font_size=&#8221;22px&#8221; heading_line_height=&#8221;26px&#8221; heading_top_margin=&#8221;23px&#8221; heading_bottom_margin=&#8221;8px&#8221; hover_style=&#8221;hover-style-1&#8243; bg_color=&#8221;#030f27&#8243; bg_image=&#8221;9502&#8243; description=&#8221;We focus on offering you<br \/>\nexcellent customer service<br \/>\nand quality work.&#8221;][\/iconbox][spacing desktop_height=&#8221;30&#8243; mobile_height=&#8221;30&#8243; smobile_height=&#8221;30&#8243;][spacing desktop_height=&#8221;30&#8243; mobile_height=&#8221;30&#8243; smobile_height=&#8221;30&#8243;][spacing desktop_height=&#8221;30&#8243; mobile_height=&#8221;30&#8243; smobile_height=&#8221;30&#8243;][\/vc_column_inner][\/vc_row_inner][\/vc_column][\/vc_row][vc_row][vc_column][fancytext tag=&#8221;h6&#8243; font_max=&#8221;70&#8243; font_min=&#8221;22&#8243; text1=&#8221;TAHILLAR VE D\u0130\u011eER \u00dcR\u00dcNLER&#8221;][spacing desktop_height=&#8221;30&#8243; mobile_height=&#8221;30&#8243; smobile_height=&#8221;30&#8243;][vc_row_inner][vc_column_inner width=&#8221;1\/3&#8243;][iconbox text_align=&#8221;align-center&#8221; wrap_padding=&#8221;34px 25px 27px&#8221; wrap_background=&#8221;#ffffff&#8221; wrap_rounded=&#8221;5px&#8221; wrap_border_width=&#8221;1px&#8221; icon_font_size=&#8221;50px&#8221; icon_width=&#8221;50px&#8221; icon_height=&#8221;50px&#8221; icon_line_height=&#8221;50px&#8221; icon_color=&#8221;#f35c27&#8243; heading=&#8221;Bulgur&#8221; heading_font_weight=&#8221;400&#8243; heading_font_size=&#8221;22px&#8221; heading_line_height=&#8221;26px&#8221; heading_top_margin=&#8221;23px&#8221; heading_bottom_margin=&#8221;8px&#8221; hover_style=&#8221;hover-style-1&#8243; bg_color=&#8221;#030f27&#8243; bg_image=&#8221;9505&#8243; description=&#8221;We focus on offering you<br \/>\nexcellent customer service<br \/>\nand quality work.&#8221;][\/iconbox][spacing desktop_height=&#8221;30&#8243; mobile_height=&#8221;30&#8243; smobile_height=&#8221;30&#8243;][iconbox text_align=&#8221;align-center&#8221; wrap_padding=&#8221;34px 25px 27px&#8221; wrap_background=&#8221;#ffffff&#8221; wrap_rounded=&#8221;5px&#8221; wrap_border_width=&#8221;1px&#8221; icon_font_size=&#8221;50px&#8221; icon_width=&#8221;50px&#8221; icon_height=&#8221;50px&#8221; icon_line_height=&#8221;50px&#8221; icon_color=&#8221;#f35c27&#8243; heading=&#8221;Bu\u011fday&#8221; heading_font_weight=&#8221;400&#8243; heading_font_size=&#8221;22px&#8221; heading_line_height=&#8221;26px&#8221; heading_top_margin=&#8221;23px&#8221; heading_bottom_margin=&#8221;8px&#8221; hover_style=&#8221;hover-style-1&#8243; bg_color=&#8221;#030f27&#8243; bg_image=&#8221;9569&#8243; description=&#8221;We focus on offering you<br \/>\nexcellent customer service<br \/>\nand quality work.&#8221;][\/iconbox][spacing desktop_height=&#8221;30&#8243; mobile_height=&#8221;30&#8243; smobile_height=&#8221;30&#8243;][\/vc_column_inner][vc_column_inner width=&#8221;1\/3&#8243;][iconbox text_align=&#8221;align-center&#8221; wrap_padding=&#8221;34px 25px 27px&#8221; wrap_background=&#8221;#ffffff&#8221; wrap_rounded=&#8221;5px&#8221; wrap_border_width=&#8221;1px&#8221; icon_font_size=&#8221;50px&#8221; icon_width=&#8221;50px&#8221; icon_height=&#8221;50px&#8221; icon_line_height=&#8221;50px&#8221; icon_color=&#8221;#f35c27&#8243; heading=&#8221;Pirin\u00e7&#8221; heading_font_weight=&#8221;400&#8243; heading_font_size=&#8221;22px&#8221; heading_line_height=&#8221;26px&#8221; heading_top_margin=&#8221;23px&#8221; heading_bottom_margin=&#8221;8px&#8221; hover_style=&#8221;hover-style-1&#8243; bg_color=&#8221;#030f27&#8243; bg_image=&#8221;9506&#8243; description=&#8221;We focus on offering you<br \/>\nexcellent customer service<br \/>\nand quality work.&#8221;][\/iconbox][spacing desktop_height=&#8221;30&#8243; mobile_height=&#8221;30&#8243; smobile_height=&#8221;30&#8243;][spacing desktop_height=&#8221;30&#8243; mobile_height=&#8221;30&#8243; smobile_height=&#8221;30&#8243;][spacing desktop_height=&#8221;30&#8243; mobile_height=&#8221;30&#8243; smobile_height=&#8221;30&#8243;][\/vc_column_inner][vc_column_inner width=&#8221;1\/3&#8243;][iconbox text_align=&#8221;align-center&#8221; wrap_padding=&#8221;34px 25px 27px&#8221; wrap_background=&#8221;#ffffff&#8221; wrap_rounded=&#8221;5px&#8221; wrap_border_width=&#8221;1px&#8221; icon_font_size=&#8221;50px&#8221; icon_width=&#8221;50px&#8221; icon_height=&#8221;50px&#8221; icon_line_height=&#8221;50px&#8221; icon_color=&#8221;#f35c27&#8243; heading=&#8221;Kinoa&#8221; heading_font_weight=&#8221;400&#8243; heading_font_size=&#8221;22px&#8221; heading_line_height=&#8221;26px&#8221; heading_top_margin=&#8221;23px&#8221; heading_bottom_margin=&#8221;8px&#8221; hover_style=&#8221;hover-style-1&#8243; bg_color=&#8221;#030f27&#8243; bg_image=&#8221;9507&#8243; description=&#8221;We focus on offering you<br \/>\nexcellent customer service<br \/>\nand quality work.&#8221;][\/iconbox][spacing desktop_height=&#8221;30&#8243; mobile_height=&#8221;30&#8243; smobile_height=&#8221;30&#8243;][iconbox text_align=&#8221;align-center&#8221; wrap_padding=&#8221;34px 25px 27px&#8221; wrap_background=&#8221;#ffffff&#8221; wrap_rounded=&#8221;5px&#8221; wrap_border_width=&#8221;1px&#8221; icon_font_size=&#8221;50px&#8221; icon_width=&#8221;50px&#8221; icon_height=&#8221;50px&#8221; icon_line_height=&#8221;50px&#8221; icon_color=&#8221;#f35c27&#8243; heading=&#8221;M\u0131s\u0131r Unu&#8221; heading_font_weight=&#8221;400&#8243; heading_font_size=&#8221;22px&#8221; heading_line_height=&#8221;26px&#8221; heading_top_margin=&#8221;23px&#8221; heading_bottom_margin=&#8221;8px&#8221; hover_style=&#8221;hover-style-1&#8243; bg_color=&#8221;#030f27&#8243; bg_image=&#8221;9508&#8243; description=&#8221;We focus on offering you<br \/>\nexcellent customer service<br \/>\nand quality work.&#8221;][\/iconbox][spacing desktop_height=&#8221;30&#8243; mobile_height=&#8221;30&#8243; smobile_height=&#8221;30&#8243;][\/vc_column_inner][\/vc_row_inner][\/vc_column][\/vc_row]<\/p>\n","protected":false},"excerpt":{"rendered":"<p>[vc_row][vc_column][fancytext tag=&#8221;h6&#8243; font_max=&#8221;70&#8243; font_min=&#8221;22&#8243; text1=&#8221;KURU BAKLAG\u0130LLER&#8221;][spacing desktop_height=&#8221;30&#8243; mobile_height=&#8221;30&#8243; smobile_height=&#8221;30&#8243;][\/vc_column][\/vc_row][vc_row el_class=&#8221;has-scroll-arrow&#8221; css=&#8221;.vc_custom_1558769443428{background: #f7f9fa url(http:\/\/ninzio.com\/bauer\/wp-content\/uploads\/2019\/05\/fac-bg-1.png?id=8920) !important;background-position: center !important;background-repeat: no-repeat !important;background-size: cover !important;}&#8221;][vc_column][vc_row_inner][vc_column_inner width=&#8221;1\/3&#8243;][iconbox text_align=&#8221;align-center&#8221; wrap_padding=&#8221;34px 25px 27px&#8221; wrap_background=&#8221;#ffffff&#8221; wrap_rounded=&#8221;5px&#8221; wrap_border_width=&#8221;1px&#8221; icon_font_size=&#8221;50px&#8221; icon_width=&#8221;50px&#8221; icon_height=&#8221;50px&#8221; icon_line_height=&#8221;50px&#8221; icon_color=&#8221;#f35c27&#8243; heading=&#8221;Nohut&#8221; heading_font_weight=&#8221;400&#8243; heading_font_size=&#8221;22px&#8221; heading_line_height=&#8221;26px&#8221; heading_top_margin=&#8221;23px&#8221; heading_bottom_margin=&#8221;8px&#8221; hover_style=&#8221;hover-style-1&#8243; bg_color=&#8221;#030f27&#8243; bg_image=&#8221;9479&#8243; description=&#8221;We focus on offering you excellent customer service<\/p>\n","protected":false},"author":1,"featured_media":0,"parent":0,"menu_order":0,"comment_status":"closed","ping_status":"closed","template":"","meta":{"_monsterinsights_skip_tracking":false,"_monsterinsights_sitenote_active":false,"_monsterinsights_sitenote_note":"","_monsterinsights_sitenote_category":0,"footnotes":""},"class_list":["post-9350","page","type-page","status-publish","hentry"],"aioseo_notices":[],"_links":{"self":[{"href":"https:\/\/ecemgidametal.com\/index.php\/wp-json\/wp\/v2\/pages\/9350","targetHints":{"allow":["GET"]}}],"collection":[{"href":"https:\/\/ecemgidametal.com\/index.php\/wp-json\/wp\/v2\/pages"}],"about":[{"href":"https:\/\/ecemgidametal.com\/index.php\/wp-json\/wp\/v2\/types\/page"}],"author":[{"embeddable":true,"href":"https:\/\/ecemgidametal.com\/index.php\/wp-json\/wp\/v2\/users\/1"}],"replies":[{"embeddable":true,"href":"https:\/\/ecemgidametal.com\/index.php\/wp-json\/wp\/v2\/comments?post=9350"}],"version-history":[{"count":22,"href":"https:\/\/ecemgidametal.com\/index.php\/wp-json\/wp\/v2\/pages\/9350\/revisions"}],"predecessor-version":[{"id":9570,"href":"https:\/\/ecemgidametal.com\/index.php\/wp-json\/wp\/v2\/pages\/9350\/revisions\/9570"}],"wp:attachment":[{"href":"https:\/\/ecemgidametal.com\/index.php\/wp-json\/wp\/v2\/media?parent=9350"}],"curies":[{"name":"wp","href":"https:\/\/api.w.org\/{rel}","templated":true}]}}