{"id":9544,"date":"2024-06-26T22:44:29","date_gmt":"2024-06-26T19:44:29","guid":{"rendered":"https:\/\/ecemgidametal.com\/?page_id=9544"},"modified":"2024-06-26T23:29:49","modified_gmt":"2024-06-26T20:29:49","slug":"hakkimizda","status":"publish","type":"page","link":"https:\/\/ecemgidametal.com\/index.php\/hakkimizda\/","title":{"rendered":"Hakk\u0131m\u0131zda"},"content":{"rendered":"\n<p>Firmam\u0131z, sa\u011fl\u0131kl\u0131 ve kaliteli kuru g\u0131da \u00fcr\u00fcnlerini t\u00fcketicilere sunma amac\u0131yla kurulmu\u015ftur. Y\u0131llar\u0131n verdi\u011fi tecr\u00fcbe ile sekt\u00f6rde \u00f6nc\u00fc olma hedefiyle yola \u00e7\u0131kt\u0131k ve bug\u00fcn, g\u00fcvenilir bir marka olarak siz de\u011ferli m\u00fc\u015fterilerimize hizmet vermekten gurur duyuyoruz.<\/p>\n\n\n\n<p><em>Misyonumuz:<\/em> En y\u00fcksek kalite standartlar\u0131na uygun, do\u011fal ve besleyici kuru g\u0131da \u00fcr\u00fcnlerini sunarak, sa\u011fl\u0131kl\u0131 beslenmeyi desteklemektir. M\u00fc\u015fteri memnuniyeti odakl\u0131 hizmet anlay\u0131\u015f\u0131m\u0131zla, sizlere g\u00fcvenilir ve h\u0131zl\u0131 bir al\u0131\u015fveri\u015f deneyimi ya\u015fatmak.<\/p>\n\n\n\n<p><em>Vizyonumuz:<\/em> D\u00fcnya genelinde tan\u0131nan ve g\u00fcvenilen bir marka olmak. Sa\u011fl\u0131kl\u0131, lezzetli ve kaliteli kuru g\u0131da \u00fcr\u00fcnleri sunarak, m\u00fc\u015fterilerimizin ya\u015fam kalitesini art\u0131rmak. \u0130novasyon ve s\u00fcrd\u00fcr\u00fclebilirlik ilkeleriyle sekt\u00f6rde \u00f6nc\u00fc olmak.<\/p>\n","protected":false},"excerpt":{"rendered":"<p>Firmam\u0131z, sa\u011fl\u0131kl\u0131 ve kaliteli kuru g\u0131da \u00fcr\u00fcnlerini t\u00fcketicilere sunma amac\u0131yla kurulmu\u015ftur. Y\u0131llar\u0131n verdi\u011fi tecr\u00fcbe ile sekt\u00f6rde \u00f6nc\u00fc olma hedefiyle yola \u00e7\u0131kt\u0131k ve bug\u00fcn, g\u00fcvenilir bir marka olarak siz de\u011ferli m\u00fc\u015fterilerimize hizmet vermekten gurur duyuyoruz. Misyonumuz: En y\u00fcksek kalite standartlar\u0131na uygun, do\u011fal ve besleyici kuru g\u0131da \u00fcr\u00fcnlerini sunarak, sa\u011fl\u0131kl\u0131 beslenmeyi desteklemektir.<\/p>\n","protected":false},"author":1,"featured_media":0,"parent":0,"menu_order":0,"comment_status":"closed","ping_status":"closed","template":"","meta":{"_monsterinsights_skip_tracking":false,"_monsterinsights_sitenote_active":false,"_monsterinsights_sitenote_note":"","_monsterinsights_sitenote_category":0,"footnotes":""},"class_list":["post-9544","page","type-page","status-publish","hentry"],"aioseo_notices":[],"_links":{"self":[{"href":"https:\/\/ecemgidametal.com\/index.php\/wp-json\/wp\/v2\/pages\/9544","targetHints":{"allow":["GET"]}}],"collection":[{"href":"https:\/\/ecemgidametal.com\/index.php\/wp-json\/wp\/v2\/pages"}],"about":[{"href":"https:\/\/ecemgidametal.com\/index.php\/wp-json\/wp\/v2\/types\/page"}],"author":[{"embeddable":true,"href":"https:\/\/ecemgidametal.com\/index.php\/wp-json\/wp\/v2\/users\/1"}],"replies":[{"embeddable":true,"href":"https:\/\/ecemgidametal.com\/index.php\/wp-json\/wp\/v2\/comments?post=9544"}],"version-history":[{"count":2,"href":"https:\/\/ecemgidametal.com\/index.php\/wp-json\/wp\/v2\/pages\/9544\/revisions"}],"predecessor-version":[{"id":9551,"href":"https:\/\/ecemgidametal.com\/index.php\/wp-json\/wp\/v2\/pages\/9544\/revisions\/9551"}],"wp:attachment":[{"href":"https:\/\/ecemgidametal.com\/index.php\/wp-json\/wp\/v2\/media?parent=9544"}],"curies":[{"name":"wp","href":"https:\/\/api.w.org\/{rel}","templated":true}]}}